{"id":4692,"date":"2024-10-21T13:20:23","date_gmt":"2024-10-21T11:20:23","guid":{"rendered":"https:\/\/www.msg-automotive.com\/privacy-policy\/"},"modified":"2024-11-28T15:37:19","modified_gmt":"2024-11-28T14:37:19","slug":"privacypolicy","status":"publish","type":"page","link":"https:\/\/www.msg-automotive.com\/en\/privacypolicy\/","title":{"rendered":"Privacy policy"},"content":{"rendered":"\t\t<div data-elementor-type=\"wp-page\" data-elementor-id=\"4692\" class=\"elementor elementor-4692 elementor-1806\" data-elementor-post-type=\"page\">\n\t\t\t\t<div class=\"elementor-element elementor-element-abe1c11 e-con-full e-flex e-con e-parent\" data-id=\"abe1c11\" data-element_type=\"container\" data-e-type=\"container\" data-settings=\"{&quot;background_background&quot;:&quot;classic&quot;,&quot;shape_divider_bottom&quot;:&quot;tilt&quot;}\">\n\t\t\t\t<div class=\"elementor-shape elementor-shape-bottom\" aria-hidden=\"true\" data-negative=\"false\">\n\t\t\t<svg xmlns=\"http:\/\/www.w3.org\/2000\/svg\" viewBox=\"0 0 1000 100\" preserveAspectRatio=\"none\">\n\t<path class=\"elementor-shape-fill\" d=\"M0,6V0h1000v100L0,6z\"\/>\n<\/svg>\t\t<\/div>\n\t\t<div class=\"elementor-element elementor-element-2352f0f e-con-full animated-slow e-flex elementor-invisible e-con e-child\" data-id=\"2352f0f\" data-element_type=\"container\" data-e-type=\"container\" data-settings=\"{&quot;motion_fx_motion_fx_scrolling&quot;:&quot;yes&quot;,&quot;motion_fx_scale_effect&quot;:&quot;yes&quot;,&quot;motion_fx_scale_speed&quot;:{&quot;unit&quot;:&quot;px&quot;,&quot;size&quot;:2,&quot;sizes&quot;:[]},&quot;motion_fx_scale_range&quot;:{&quot;unit&quot;:&quot;%&quot;,&quot;size&quot;:&quot;&quot;,&quot;sizes&quot;:{&quot;start&quot;:20,&quot;end&quot;:100}},&quot;animation&quot;:&quot;fadeIn&quot;,&quot;animation_delay&quot;:200,&quot;motion_fx_devices&quot;:[&quot;widescreen&quot;,&quot;desktop&quot;,&quot;laptop&quot;,&quot;tablet_extra&quot;,&quot;tablet&quot;,&quot;mobile_extra&quot;],&quot;motion_fx_scale_direction&quot;:&quot;out-in&quot;}\">\n\t\t\t\t<\/div>\n\t\t\t\t<\/div>\n\t\t<div class=\"elementor-element elementor-element-290a047 e-con-full e-flex e-con e-parent\" data-id=\"290a047\" data-element_type=\"container\" data-e-type=\"container\">\n\t\t\t\t<div class=\"elementor-element elementor-element-4c751b0 elementor-widget__width-initial elementor-widget elementor-widget-heading\" data-id=\"4c751b0\" data-element_type=\"widget\" data-e-type=\"widget\" data-widget_type=\"heading.default\">\n\t\t\t\t<div class=\"elementor-widget-container\">\n\t\t\t\t\t<h2 class=\"elementor-heading-title elementor-size-default\">Privacy Policy <\/h2>\t\t\t\t<\/div>\n\t\t\t\t<\/div>\n\t\t\t\t<\/div>\n\t\t<div class=\"elementor-element elementor-element-60bc254 e-con-full e-flex e-con e-parent\" data-id=\"60bc254\" data-element_type=\"container\" data-e-type=\"container\" data-settings=\"{&quot;motion_fx_motion_fx_scrolling&quot;:&quot;yes&quot;,&quot;motion_fx_devices&quot;:[&quot;widescreen&quot;,&quot;desktop&quot;,&quot;laptop&quot;,&quot;tablet_extra&quot;,&quot;tablet&quot;,&quot;mobile_extra&quot;,&quot;mobile&quot;]}\">\n\t\t<div class=\"elementor-element elementor-element-685aed0 e-con-full e-flex e-con e-child\" data-id=\"685aed0\" data-element_type=\"container\" data-e-type=\"container\" data-settings=\"{&quot;motion_fx_motion_fx_scrolling&quot;:&quot;yes&quot;,&quot;motion_fx_translateY_effect&quot;:&quot;yes&quot;,&quot;motion_fx_translateY_direction&quot;:&quot;negative&quot;,&quot;motion_fx_translateY_speed&quot;:{&quot;unit&quot;:&quot;px&quot;,&quot;size&quot;:1,&quot;sizes&quot;:[]},&quot;motion_fx_translateY_affectedRange&quot;:{&quot;unit&quot;:&quot;%&quot;,&quot;size&quot;:&quot;&quot;,&quot;sizes&quot;:{&quot;start&quot;:0,&quot;end&quot;:100}},&quot;motion_fx_devices&quot;:[&quot;widescreen&quot;,&quot;desktop&quot;,&quot;laptop&quot;,&quot;tablet_extra&quot;,&quot;tablet&quot;,&quot;mobile_extra&quot;,&quot;mobile&quot;]}\">\n\t\t\t\t<div class=\"elementor-element elementor-element-c588399 elementor-widget__width-initial elementor-widget elementor-widget-heading\" data-id=\"c588399\" data-element_type=\"widget\" data-e-type=\"widget\" data-widget_type=\"heading.default\">\n\t\t\t\t<div class=\"elementor-widget-container\">\n\t\t\t\t\t<h3 class=\"elementor-heading-title elementor-size-default\">Please note: The operating language of MSG Mechatronic Systems GmbH is German. The legal statements are therefore only provided in German under the following link: <b><a href=\"https:\/\/www.msg-automotive.com\/datenschutz\/\">German Privacy Policy<\/a><\/b><\/h3>\t\t\t\t<\/div>\n\t\t\t\t<\/div>\n\t\t\t\t<\/div>\n\t\t\t\t<\/div>\n\t\t<div class=\"elementor-element elementor-element-fafd879 e-flex e-con-boxed e-con e-parent\" data-id=\"fafd879\" data-element_type=\"container\" data-e-type=\"container\">\n\t\t\t\t\t<div class=\"e-con-inner\">\n\t\t\t\t<div class=\"elementor-element elementor-element-a3bc857 elementor-hidden-widescreen elementor-hidden-desktop elementor-hidden-laptop elementor-hidden-tablet_extra elementor-hidden-tablet elementor-hidden-mobile_extra elementor-hidden-mobile elementor-widget elementor-widget-text-editor\" data-id=\"a3bc857\" data-element_type=\"widget\" data-e-type=\"widget\" data-widget_type=\"text-editor.default\">\n\t\t\t\t<div class=\"elementor-widget-container\">\n\t\t\t\t\t\t\t\t\t<h3>Information f\u00fcr Kunden zur Datenverarbeitung nach Art. 13 der EU-Datenschutz-Grundverordnung (DSGVO)<\/h3><p>Wir informieren Sie hiermit \u00fcber die Verarbeitung Ihrer personenbezogenen Daten und die Ihnen zustehenden datenschutzrechtlichen Anspr\u00fcche und Rechte. Der Inhalt und Umfang der Datenverarbeitung richtet sich ma\u00dfgeblich nach den jeweils von Ihnen beantragten bzw. mit Ihnen vereinbarten Produkten und Dienstleistungen.<\/p>\t\t\t\t\t\t\t\t<\/div>\n\t\t\t\t<\/div>\n\t\t\t\t<div class=\"elementor-element elementor-element-224b87c elementor-hidden-widescreen elementor-hidden-desktop elementor-hidden-laptop elementor-hidden-tablet_extra elementor-hidden-tablet elementor-hidden-mobile_extra elementor-hidden-mobile elementor-widget elementor-widget-text-editor\" data-id=\"224b87c\" data-element_type=\"widget\" data-e-type=\"widget\" data-widget_type=\"text-editor.default\">\n\t\t\t\t<div class=\"elementor-widget-container\">\n\t\t\t\t\t\t\t\t\t<h5>I. Wer ist f\u00fcr die Datenverarbeitung verantwortlich? (Art 13 Abs 1 lit a DSGVO)<\/h5><p>MSG Mechatronic Systems GmbH<br \/>Auf der Aue 11<br \/>8551 Wies<br \/><a href=\"mailto:office@msg.at\">office@msg.at<\/a><br \/><a href=\"tel:+43346520900\">+43346520900<\/a><\/p><h5>II. Welche Daten werden verarbeitet? (Art 14 Abs 1 lit d DSGVO)<\/h5><ul><li>Name\/Firma,<\/li><li>Beruf\/Berufsbezeichnung<\/li><li>Geburtsdatum<\/li><li>Gesch\u00e4ftsanschrift und sonstige Adressen des Kunden<\/li><li>Kontaktdaten (Telefonnummer, Telefaxnummer, E-Mail-Adresse, etc.)<\/li><li>Kundenserviceanfragen<\/li><li>Bewerbungsunterlagen sowie s\u00e4mtliche personenbezogenen Daten, welche zur ordnungsgem\u00e4\u00dfen Erf\u00fcllung Ihrer Auftr\u00e4ge erforderlich sind.<\/li><\/ul><h5>III. F\u00fcr welchen Zweck und auf welcher Rechtsgrundlage werden die Daten verarbeitet? (Art 13 Abs 1 lit c DSGVO)<\/h5><p>Wir verarbeiten Ihre personenbezogenen Daten im Einklang mit den Bestimmungen der Europ\u00e4ischen Datenschutz-Grundverordnung (DSGVO) und dem \u00f6sterreichischen Datenschutzgesetz 2018 aufgrund folgender Rechtsgrundlagen:<\/p><p><strong>Vertragliche Pflichten (Art 6 Abs 1b DSGVO)<\/strong><br \/>Die Verarbeitung personenbezogener Daten (Art 4 Z 2 DSGVO) erfolgt zur UNTERNEHMENSGEGENSTAND \/ angebotene T\u00c4TIGKEITEN. Die Zwecke der Datenverarbeitung richten sich in erster Linie nach dem konkreten Produkt.<\/p><p><strong>Rechtliche Verpflichtungen (Art 6 Abs 1c DSGVO)<\/strong><br \/>Die Verarbeitung personenbezogener Daten kann zum Zweck der Erf\u00fcllung unterschiedlicher gesetzlicher Verpflichtungen erforderlich sein.<\/p><p><strong>Im Rahmen Ihrer Einwilligung (Art 6 Abs 1a DSGVO)<\/strong><br \/>Wenn Sie uns eine Einwilligung zu Verarbeitung Ihrer personenbezogenen Daten erteilt haben, erfolgt eine Verarbeitung nur gem\u00e4\u00df den in der Zustimmungserkl\u00e4rung festgelegten Zwecken und im darin vereinbarten Umfang. Eine erteilte Einwilligung kann jederzeit mit Wirkung f\u00fcr die Zukunft widerrufen werden (z.B. k\u00f6nnen Sie der Verarbeitung Ihrer personenbezogenen Daten f\u00fcr Marketing- und Werbezwecke widersprechen, wenn Sie mit einer Verarbeitung k\u00fcnftig nicht mehr einverstanden sind). Soweit wir Ihre personenbezogenen Daten bei Ihnen selbst erheben, ist die Bereitstellung Ihrer Daten grunds\u00e4tzlich freiwillig. Allerdings k\u00f6nnen wir unseren Auftrag nicht oder nicht vollst\u00e4ndig erf\u00fcllen, wenn Sie Ihre personenbezogenen Daten nicht bereitstellen.<\/p><p><strong>Berechtigter Interessen (Art 6 Abs 1f DSGVO)<\/strong><br \/>Soweit erforderlich kann im Rahmen von Interessensabw\u00e4gung zugunsten der MSG Mechatronic GmbH oder eines Dritten eine Datenverarbeitung \u00fcber die eigentliche Erf\u00fcllung des Vertrages hinaus zur Wahrung berechtigter Interessen von uns oder Dritten erfolgen.<\/p><h5>IV. Wer erh\u00e4lt meine Daten? (Art 13 Abs 1 lit e DSGVO)<\/h5><p>Innerhalb der MSG Mechatronic GmbH erhalten diejenigen Stellen bzw. MitarbeiterInnen Ihre Daten, die diese zur Erf\u00fcllung der vertraglichen, gesetzlichen und aufsichtsrechtlichen Pflichten sowie berechtigten Interessen ben\u00f6tigen. Dar\u00fcber hinaus erhalten von uns beauftragte Auftragsverarbeiter und Vertriebspartner Ihre Daten, sofern diese Daten zur Erf\u00fcllung ihrer jeweiligen Leistungen ben\u00f6tigen. S\u00e4mtliche Auftragsverarbeiter und Vertriebspartner sind vertraglich dazu verpflichtet, Ihre personenbezogenen Daten vertraulich zu behandeln und nur im Rahmen der Leistungserbringung zu verarbeiten. Bei Vorliegen einer gesetzlichen oder aufsichtsrechtlichen Verpflichtung sowie im Rahmen der notwendigen T\u00e4tigkeiten, welche zur ordnungsgem\u00e4\u00dfen Erf\u00fcllung Ihres Auftrages erforderliche sind, k\u00f6nnen Verwaltungsbeh\u00f6rden, Gerichte und K\u00f6rperschaften des \u00f6ffentlichen Rechts sowie \u00f6ffentliche Stellen und Institutionen Empf\u00e4nger Ihrer personenbezogenen Daten sein.<\/p><h5>V. Wie lange werden meine Daten gespeichert? (Art 13 Abs 2 lit a DSGVO)<\/h5><p>Wir speichern Ihre personenbezogenen Daten, soweit erforderlich, f\u00fcr die Dauer der gesamten Gesch\u00e4ftsbeziehung (von der Anbahnung, Abwicklung bis zur Beendigung eines Vertrages) sowie dar\u00fcber hinaus gem\u00e4\u00df den gesetzlichen Aufbewahrungsfristen und Dokumentationspflichten, die sich u.a. aus dem Unternehmensgesetzbuch (UGB), der Bundesabgabenordnung (BAO) und dem Allgemeinen Sozialversicherungsgesetz (ASVG) ergeben. Soweit Sie ein Kunde, ehemaliger Kunde, Interessent oder potentiell zuk\u00fcnftiger Kunde oder eine Kontaktperson bei einer der Vorgenannten sind, speichern wir Ihre personenbezogenen Daten f\u00fcr die Zwecke des Marketings bis zu Ihrem Widerspruch oder dem Widerruf Ihrer Einwilligung, soweit die Marketingma\u00dfnahme auf Grundlage Ihrer Einwilligung erfolgt und sofern ausnahmsweise keine andere gesetzliche Grundlage zur Aufbewahrung der Daten besteht. Des Weiteren sind bei der Speicherdauer die gesetzlichen Verj\u00e4hrungsfristen, die beispielsweise nach dem Allgemeinen B\u00fcrgerlichen Gesetzbuch (ABGB) in bestimmten F\u00e4llen bis zu 30 Jahre (die allgemeine Verj\u00e4hrungsfrist betr\u00e4gt drei Jahre) betragen k\u00f6nnen, zu ber\u00fccksichtigen.<\/p><h5>VI. Welche Datenschutzrechte (Betroffenenrechte) stehen mir zu? (Art 13 Abs 2 lit b und d DSGVO)<\/h5><p>Ihnen stehen grunds\u00e4tzlich die Rechte auf Auskunft, Berichtigung, L\u00f6schung, Einschr\u00e4nkung, Daten\u00fcbertragbarkeit und Widerspruch zu. Daf\u00fcr wenden Sie sich an uns. Wenn Sie glauben, dass die Verarbeitung Ihrer Daten gegen das Datenschutzrecht verst\u00f6\u00dft oder Ihre datenschutzrechtlichen Anspr\u00fcche sonst in einer Weise verletzt worden sind, k\u00f6nnen Sie sich bei der Aufsichtsbeh\u00f6rde beschweren. In \u00d6sterreich ist die Datenschutzbeh\u00f6rde, Wickenburggasse 8-10, 1080 Wien zust\u00e4ndig.<\/p><h5>VII. Bereitstellung von Daten (Art 13 Abs 2 lit e DSGVO)<\/h5><p>Im Rahmen der Gesch\u00e4ftsbeziehung m\u00fcssen Sie diejenigen personenbezogenen Daten bereitstellen, die f\u00fcr die Aufnahme und Durchf\u00fchrung der Gesch\u00e4ftsbeziehung erforderlich sind und zu deren Erhebung wir gesetzlich verpflichtet sind. Wenn Sie uns diese Daten nicht zur Verf\u00fcgung stellen, werden wir den Abschluss des Vertrages oder die Ausf\u00fchrungen des Auftrages in der Regel ablehnen m\u00fcssen oder einen bestehenden Vertrag nicht mehr durchf\u00fchren k\u00f6nnen und folglich beenden m\u00fcssen. Sie sind nicht verpflichtet, hinsichtlich f\u00fcr die Vertragserf\u00fcllung nicht relevanter bzw. gesetzlich oder regulatorisch nicht erforderlicher Daten eine Einwilligung zur Datenverarbeitung zu erteilen.<\/p><h5>VIII. Anpassung der Information<\/h5><p>Bitte beachten Sie, dass wir bei Bedarf Anpassungen an dieser Information zur Datenverarbeitung vornehmen k\u00f6nnen. Die jeweils aktuelle Version dieser Information finden Sie jederzeit auf unserer Homepage unter <a href=\"https:\/\/www.msg.at\">https:\/\/www.msg.at<\/a>.<\/p>\t\t\t\t\t\t\t\t<\/div>\n\t\t\t\t<\/div>\n\t\t\t\t\t<\/div>\n\t\t\t\t<\/div>\n\t\t\t\t<\/div>\n\t\t","protected":false},"excerpt":{"rendered":"<p>Privacy Policy Please note: The operating language of MSG Mechatronic Systems GmbH is German. The legal statements are therefore only provided in German under the following link: German Privacy Policy Information f\u00fcr Kunden zur Datenverarbeitung nach Art. 13 der EU-Datenschutz-Grundverordnung (DSGVO) Wir informieren Sie hiermit \u00fcber die Verarbeitung Ihrer personenbezogenen Daten und die Ihnen zustehenden [&hellip;]<\/p>\n","protected":false},"author":1,"featured_media":0,"parent":0,"menu_order":100,"comment_status":"closed","ping_status":"closed","template":"","meta":{"_acf_changed":false,"footnotes":""},"class_list":["post-4692","page","type-page","status-publish","hentry"],"acf":[],"yoast_head":"<!-- This site is optimized with the Yoast SEO plugin v27.5 - https:\/\/yoast.com\/product\/yoast-seo-wordpress\/ -->\n<title>Privacy policy - MSG Automotive - Mechatronic Systems GmbH<\/title>\n<meta name=\"robots\" content=\"index, follow, max-snippet:-1, max-image-preview:large, max-video-preview:-1\" \/>\n<link rel=\"canonical\" href=\"https:\/\/www.msg-automotive.com\/en\/privacypolicy\/\" \/>\n<meta property=\"og:locale\" content=\"en_US\" \/>\n<meta property=\"og:type\" content=\"article\" \/>\n<meta property=\"og:title\" content=\"Privacy policy - MSG Automotive - Mechatronic Systems GmbH\" \/>\n<meta property=\"og:description\" content=\"Privacy Policy Please note: The operating language of MSG Mechatronic Systems GmbH is German. The legal statements are therefore only provided in German under the following link: German Privacy Policy Information f\u00fcr Kunden zur Datenverarbeitung nach Art. 13 der EU-Datenschutz-Grundverordnung (DSGVO) Wir informieren Sie hiermit \u00fcber die Verarbeitung Ihrer personenbezogenen Daten und die Ihnen zustehenden [&hellip;]\" \/>\n<meta property=\"og:url\" content=\"https:\/\/www.msg-automotive.com\/en\/privacypolicy\/\" \/>\n<meta property=\"og:site_name\" content=\"MSG Automotive - Mechatronic Systems GmbH\" \/>\n<meta property=\"article:modified_time\" content=\"2024-11-28T14:37:19+00:00\" \/>\n<meta property=\"og:image\" content=\"https:\/\/www.msg-automotive.com\/wp-content\/uploads\/rz_msg___MIK0618.jpg\" \/>\n\t<meta property=\"og:image:width\" content=\"2500\" \/>\n\t<meta property=\"og:image:height\" content=\"1666\" \/>\n\t<meta property=\"og:image:type\" content=\"image\/jpeg\" \/>\n<meta name=\"twitter:card\" content=\"summary_large_image\" \/>\n<meta name=\"twitter:label1\" content=\"Est. reading time\" \/>\n\t<meta name=\"twitter:data1\" content=\"5 minutes\" \/>\n<script type=\"application\/ld+json\" class=\"yoast-schema-graph\">{\"@context\":\"https:\\\/\\\/schema.org\",\"@graph\":[{\"@type\":\"WebPage\",\"@id\":\"https:\\\/\\\/www.msg-automotive.com\\\/en\\\/privacypolicy\\\/\",\"url\":\"https:\\\/\\\/www.msg-automotive.com\\\/en\\\/privacypolicy\\\/\",\"name\":\"Privacy policy - MSG Automotive - Mechatronic Systems GmbH\",\"isPartOf\":{\"@id\":\"https:\\\/\\\/www.msg-automotive.com\\\/#website\"},\"datePublished\":\"2024-10-21T11:20:23+00:00\",\"dateModified\":\"2024-11-28T14:37:19+00:00\",\"breadcrumb\":{\"@id\":\"https:\\\/\\\/www.msg-automotive.com\\\/en\\\/privacypolicy\\\/#breadcrumb\"},\"inLanguage\":\"en-US\",\"potentialAction\":[{\"@type\":\"ReadAction\",\"target\":[\"https:\\\/\\\/www.msg-automotive.com\\\/en\\\/privacypolicy\\\/\"]}]},{\"@type\":\"BreadcrumbList\",\"@id\":\"https:\\\/\\\/www.msg-automotive.com\\\/en\\\/privacypolicy\\\/#breadcrumb\",\"itemListElement\":[{\"@type\":\"ListItem\",\"position\":1,\"name\":\"Startseite\",\"item\":\"https:\\\/\\\/www.msg-automotive.com\\\/\"},{\"@type\":\"ListItem\",\"position\":2,\"name\":\"Privacy policy\"}]},{\"@type\":\"WebSite\",\"@id\":\"https:\\\/\\\/www.msg-automotive.com\\\/#website\",\"url\":\"https:\\\/\\\/www.msg-automotive.com\\\/\",\"name\":\"MSG Mechatronic Systems GmbH\",\"description\":\"YOUR PREFERRED MECHATRONIC SOLUTIONS PROVIDER\",\"publisher\":{\"@id\":\"https:\\\/\\\/www.msg-automotive.com\\\/#organization\"},\"alternateName\":\"MSG Automotive\",\"potentialAction\":[{\"@type\":\"SearchAction\",\"target\":{\"@type\":\"EntryPoint\",\"urlTemplate\":\"https:\\\/\\\/www.msg-automotive.com\\\/?s={search_term_string}\"},\"query-input\":{\"@type\":\"PropertyValueSpecification\",\"valueRequired\":true,\"valueName\":\"search_term_string\"}}],\"inLanguage\":\"en-US\"},{\"@type\":\"Organization\",\"@id\":\"https:\\\/\\\/www.msg-automotive.com\\\/#organization\",\"name\":\"MSG Mechatronic Systems GmbH\",\"alternateName\":\"MSG Automotive\",\"url\":\"https:\\\/\\\/www.msg-automotive.com\\\/\",\"logo\":{\"@type\":\"ImageObject\",\"inLanguage\":\"en-US\",\"@id\":\"https:\\\/\\\/www.msg-automotive.com\\\/#\\\/schema\\\/logo\\\/image\\\/\",\"url\":\"https:\\\/\\\/www.msg-automotive.com\\\/wp-content\\\/uploads\\\/MSG_Logo_digitalverlauf_.png\",\"contentUrl\":\"https:\\\/\\\/www.msg-automotive.com\\\/wp-content\\\/uploads\\\/MSG_Logo_digitalverlauf_.png\",\"width\":1200,\"height\":419,\"caption\":\"MSG Mechatronic Systems GmbH\"},\"image\":{\"@id\":\"https:\\\/\\\/www.msg-automotive.com\\\/#\\\/schema\\\/logo\\\/image\\\/\"}}]}<\/script>\n<!-- \/ Yoast SEO plugin. -->","yoast_head_json":{"title":"Privacy policy - MSG Automotive - Mechatronic Systems GmbH","robots":{"index":"index","follow":"follow","max-snippet":"max-snippet:-1","max-image-preview":"max-image-preview:large","max-video-preview":"max-video-preview:-1"},"canonical":"https:\/\/www.msg-automotive.com\/en\/privacypolicy\/","og_locale":"en_US","og_type":"article","og_title":"Privacy policy - MSG Automotive - Mechatronic Systems GmbH","og_description":"Privacy Policy Please note: The operating language of MSG Mechatronic Systems GmbH is German. The legal statements are therefore only provided in German under the following link: German Privacy Policy Information f\u00fcr Kunden zur Datenverarbeitung nach Art. 13 der EU-Datenschutz-Grundverordnung (DSGVO) Wir informieren Sie hiermit \u00fcber die Verarbeitung Ihrer personenbezogenen Daten und die Ihnen zustehenden [&hellip;]","og_url":"https:\/\/www.msg-automotive.com\/en\/privacypolicy\/","og_site_name":"MSG Automotive - Mechatronic Systems GmbH","article_modified_time":"2024-11-28T14:37:19+00:00","og_image":[{"width":2500,"height":1666,"url":"https:\/\/www.msg-automotive.com\/wp-content\/uploads\/rz_msg___MIK0618.jpg","type":"image\/jpeg"}],"twitter_card":"summary_large_image","twitter_misc":{"Est. reading time":"5 minutes"},"schema":{"@context":"https:\/\/schema.org","@graph":[{"@type":"WebPage","@id":"https:\/\/www.msg-automotive.com\/en\/privacypolicy\/","url":"https:\/\/www.msg-automotive.com\/en\/privacypolicy\/","name":"Privacy policy - MSG Automotive - Mechatronic Systems GmbH","isPartOf":{"@id":"https:\/\/www.msg-automotive.com\/#website"},"datePublished":"2024-10-21T11:20:23+00:00","dateModified":"2024-11-28T14:37:19+00:00","breadcrumb":{"@id":"https:\/\/www.msg-automotive.com\/en\/privacypolicy\/#breadcrumb"},"inLanguage":"en-US","potentialAction":[{"@type":"ReadAction","target":["https:\/\/www.msg-automotive.com\/en\/privacypolicy\/"]}]},{"@type":"BreadcrumbList","@id":"https:\/\/www.msg-automotive.com\/en\/privacypolicy\/#breadcrumb","itemListElement":[{"@type":"ListItem","position":1,"name":"Startseite","item":"https:\/\/www.msg-automotive.com\/"},{"@type":"ListItem","position":2,"name":"Privacy policy"}]},{"@type":"WebSite","@id":"https:\/\/www.msg-automotive.com\/#website","url":"https:\/\/www.msg-automotive.com\/","name":"MSG Mechatronic Systems GmbH","description":"YOUR PREFERRED MECHATRONIC SOLUTIONS PROVIDER","publisher":{"@id":"https:\/\/www.msg-automotive.com\/#organization"},"alternateName":"MSG Automotive","potentialAction":[{"@type":"SearchAction","target":{"@type":"EntryPoint","urlTemplate":"https:\/\/www.msg-automotive.com\/?s={search_term_string}"},"query-input":{"@type":"PropertyValueSpecification","valueRequired":true,"valueName":"search_term_string"}}],"inLanguage":"en-US"},{"@type":"Organization","@id":"https:\/\/www.msg-automotive.com\/#organization","name":"MSG Mechatronic Systems GmbH","alternateName":"MSG Automotive","url":"https:\/\/www.msg-automotive.com\/","logo":{"@type":"ImageObject","inLanguage":"en-US","@id":"https:\/\/www.msg-automotive.com\/#\/schema\/logo\/image\/","url":"https:\/\/www.msg-automotive.com\/wp-content\/uploads\/MSG_Logo_digitalverlauf_.png","contentUrl":"https:\/\/www.msg-automotive.com\/wp-content\/uploads\/MSG_Logo_digitalverlauf_.png","width":1200,"height":419,"caption":"MSG Mechatronic Systems GmbH"},"image":{"@id":"https:\/\/www.msg-automotive.com\/#\/schema\/logo\/image\/"}}]}},"_links":{"self":[{"href":"https:\/\/www.msg-automotive.com\/en\/wp-json\/wp\/v2\/pages\/4692","targetHints":{"allow":["GET"]}}],"collection":[{"href":"https:\/\/www.msg-automotive.com\/en\/wp-json\/wp\/v2\/pages"}],"about":[{"href":"https:\/\/www.msg-automotive.com\/en\/wp-json\/wp\/v2\/types\/page"}],"author":[{"embeddable":true,"href":"https:\/\/www.msg-automotive.com\/en\/wp-json\/wp\/v2\/users\/1"}],"replies":[{"embeddable":true,"href":"https:\/\/www.msg-automotive.com\/en\/wp-json\/wp\/v2\/comments?post=4692"}],"version-history":[{"count":19,"href":"https:\/\/www.msg-automotive.com\/en\/wp-json\/wp\/v2\/pages\/4692\/revisions"}],"predecessor-version":[{"id":7154,"href":"https:\/\/www.msg-automotive.com\/en\/wp-json\/wp\/v2\/pages\/4692\/revisions\/7154"}],"wp:attachment":[{"href":"https:\/\/www.msg-automotive.com\/en\/wp-json\/wp\/v2\/media?parent=4692"}],"curies":[{"name":"wp","href":"https:\/\/api.w.org\/{rel}","templated":true}]}}